{"id":61,"date":"2025-04-28T18:49:42","date_gmt":"2025-04-28T18:49:42","guid":{"rendered":"https:\/\/www.demopalvelin.fi\/ila\/?page_id=61"},"modified":"2025-04-28T18:50:39","modified_gmt":"2025-04-28T18:50:39","slug":"tietosuojaseloste","status":"publish","type":"page","link":"https:\/\/www.demopalvelin.fi\/ila\/tietosuojaseloste\/","title":{"rendered":"Tietosuojaseloste"},"content":{"rendered":"\t\t<div data-elementor-type=\"wp-page\" data-elementor-id=\"61\" class=\"elementor elementor-61\" data-elementor-post-type=\"page\">\n\t\t\t\t\t\t<section class=\"elementor-section elementor-top-section elementor-element elementor-element-9188438 elementor-section-boxed elementor-section-height-default elementor-section-height-default\" data-id=\"9188438\" data-element_type=\"section\" data-e-type=\"section\">\n\t\t\t\t\t\t<div class=\"elementor-container elementor-column-gap-default\">\n\t\t\t\t\t<div class=\"elementor-column elementor-col-100 elementor-top-column elementor-element elementor-element-6e458e6\" data-id=\"6e458e6\" data-element_type=\"column\" data-e-type=\"column\">\n\t\t\t<div class=\"elementor-widget-wrap elementor-element-populated\">\n\t\t\t\t\t\t<div class=\"elementor-element elementor-element-14a08b1 elementor-widget elementor-widget-heading\" data-id=\"14a08b1\" data-element_type=\"widget\" data-e-type=\"widget\" data-widget_type=\"heading.default\">\n\t\t\t\t<div class=\"elementor-widget-container\">\n\t\t\t\t\t<h2 class=\"elementor-heading-title elementor-size-default\">Tietosuojaseloste<\/h2>\t\t\t\t<\/div>\n\t\t\t\t<\/div>\n\t\t\t\t<div class=\"elementor-element elementor-element-c7d02fb elementor-widget elementor-widget-text-editor\" data-id=\"c7d02fb\" data-element_type=\"widget\" data-e-type=\"widget\" data-widget_type=\"text-editor.default\">\n\t\t\t\t<div class=\"elementor-widget-container\">\n\t\t\t\t\t\t\t\t\t<p>1. REKISTERINPIT\u00c4J\u00c4<\/p><p>Sisustus Ila O.<br \/>Y-tunnus: 2997557-3<br \/><a href=\"http:\/\/www.sisustusiloa.fi\/\">www.sisustusiloa.fi<\/a><\/p><p>2. REKISTERIST\u00c4 VASTAAVA YHTEYSHENKIL\u00d6<\/p><p>Ila-Maaret Ojala \/ Sisustus Ila O.<br \/><span id=\"cloakc8e153bc5291fd5423960e9536cea2b6\"><\/span><a href=\"mailto:ila.o@sisustusiloa.fi\">ila.o@sisustusiloa.fi<\/a><br \/>040 8680244<\/p><p>3. REKISTERIN NIMI<\/p><p>Sisustus Ila O.:n asiakas- ja markkinointirekisteri<\/p><p>4. OIKEUSPERUSTE JA HENKIL\u00d6TIETOJEN K\u00c4SITTELYN TARKOITUS<\/p><p>EU:n yleisen tietosuoja-asetuksen mukainen oikeusperuste henkil\u00f6tietojen k\u00e4sittelylle on<\/p><ul><li>palveluiden tarjoaminen ja hoitaminen<\/li><li>asiakassuhteiden luominen, yll\u00e4pito ja kehitt\u00e4minen<\/li><li>asiakas- ja k\u00e4vij\u00e4tietojen varmentaminen<\/li><li>asiakaspalvelun, toiminnan ja sivustojen kehitt\u00e4minen<\/li><li>asiakas- ja k\u00e4vij\u00e4tapahtumien markkinointi, varmentaminen, hoitaminen ja kehitt\u00e4minen<\/li><li>mielipide- ja markkinatutkimusten toteuttaminen<\/li><li>j\u00e4lleenmarkkinointi k\u00e4ytt\u00e4en Facebookin, Instagramin, Googlen ja s\u00e4hk\u00f6postimarkkinointiin tarkoitettuja ty\u00f6kaluja<\/li><li>tuotteiden ja palveluiden markkinointi , sek\u00e4<\/li><li>tietojen tilastointi ja analysointi<\/li><\/ul><p>Rekisterin henkil\u00f6tietoja k\u00e4ytet\u00e4\u00e4n ensisijaisesti yhteydenpitoon asiakkaisiin sek\u00e4 yrityksen ja asiakkaiden v\u00e4lisen asiakassuhteen hallintaan ja yll\u00e4pitoon. Rekisteriss\u00e4 olevia tietoja voidaan k\u00e4ytt\u00e4\u00e4 profilointiin, jolla voimme parantaa Sisustus Ila O.:n tarjoamien palveluiden kohdistamiseen ja oikea-aikaiseen viestint\u00e4\u00e4n. K\u00e4ytt\u00e4j\u00e4\u00e4 tiedotetaan sivustojen uutisista ja ajankohtaisista tapahtumista henkil\u00f6tietolain mukaisesti. K\u00e4ytt\u00e4j\u00e4 hyv\u00e4ksyy, ett\u00e4 yritys l\u00e4hett\u00e4\u00e4 s\u00e4hk\u00f6postin v\u00e4lityksell\u00e4 my\u00f6s suoramarkkinointi-, mielipide-, markkinointitutkimusmateriaalia.<\/p><p>5. REKISTERIN TIETOSIS\u00c4LT\u00d6<\/p><p>Etunimi, sukunimi, s\u00e4hk\u00f6postiosoite, postiosoite, postitoimipaikka ja -numero ja puhelinnumero.<br \/>Yritysasiakkaan henkil\u00f6-ja\/tai yritystiedot (y-tunnus, s\u00e4hk\u00f6postiosoite, postiosoite, postitoimipaikka ja \u2013numero, puhelinnumero).<br \/>Asiakassuhteen yll\u00e4pitoa koskevat tiedot: laskutus- ja maksutiedot, tarjous- ja tilaustiedot, asiakaspalautteet ja yhteydenotot s\u00e4hk\u00f6postitse.<\/p><p>Henkil\u00f6tietojen s\u00e4ilytysaika:<br \/>Tietoja s\u00e4ilytet\u00e4\u00e4n vain sen ajan, kun se on asianmukaista, eik\u00e4 henkil\u00f6tietoja s\u00e4ilytet\u00e4 pidemp\u00e4\u00e4n kuin se on tarpeen tai kunnes asiakas pyyt\u00e4\u00e4 tietojensa poistoa tai peruu uutiskirjeen.<\/p><p>6. S\u00c4\u00c4NN\u00d6NMUKAISET TIETOL\u00c4HTEET<\/p><p>Rekisteriin tallennettavat tiedot saadaan asiakkaalta mm. www-lomakkeilla l\u00e4hetetyist\u00e4 viesteist\u00e4, s\u00e4hk\u00f6postitse, puhelimitse, sosiaalisen median palvelujen kautta, sopimuksista, asiakastapaamisista ja muista tilanteista, joissa asiakas luovuttaa tietojaan.<\/p><p>7. TIETOJEN S\u00c4\u00c4NN\u00d6NMUKAISET LUOVUTUKSET JA TIETOJEN SIIRTO EU:N TAI ETA:N ULKOPUOLELLE<\/p><p>Tietoja ei luovuteta markkinointitarkoituksiin Sisustus Ila O.:n ulkopuolelle, ellei rekister\u00f6ity ole antanut siihen erityist\u00e4 tarkoitusta varten suostumustaan. Tietoja ei siirret\u00e4 Euroopan Unionin tai Euroopan Talousalueen ulkopuolelle.<\/p><p>8. REKISTERIN SUOJAUKSEN PERIAATTEET<\/p><p>Rekisterin k\u00e4sittelyss\u00e4 noudatetaan huolellisuutta ja tietoj\u00e4rjestelmien avulla k\u00e4sitelt\u00e4v\u00e4t tiedot suojataan asianmukaisesti. Kun rekisteritietoja s\u00e4ilytet\u00e4\u00e4n Internet-palvelimilla, niiden laitteiston fyysisest\u00e4 ja digitaalisesta tietoturvasta huolehditaan asiaankuuluvasti. Rekisterinpit\u00e4j\u00e4 huolehtii siit\u00e4, ett\u00e4 tallennettuja tietoja sek\u00e4 palvelimien k\u00e4ytt\u00f6oikeuksia ja muita henkil\u00f6tietojen turvallisuuden kannalta kriittisi\u00e4 tietoja k\u00e4sitell\u00e4\u00e4n luottamuksellisesti ja vain niiden ty\u00f6ntekij\u00f6iden toimesta, joiden ty\u00f6nkuvaan se kuuluu.<\/p><p>9. TARKASTUSOIKEUS JA OIKEUS VAATIA TIEDON KORJAAMISTA<\/p><p>Jokaisella rekisteriss\u00e4 olevalla henkil\u00f6ll\u00e4 on oikeus tarkistaa rekisteriin tallennetut tietonsa ja vaatia mahdollisen virheellisen tiedon korjaamista tai puutteellisen tiedon t\u00e4ydent\u00e4mist\u00e4. Mik\u00e4li henkil\u00f6 haluaa tarkistaa h\u00e4nest\u00e4 tallennetut tiedot tai vaatia niihin oikaisua, pyynt\u00f6 tulee l\u00e4hett\u00e4\u00e4 kirjallisesti rekisterinpit\u00e4j\u00e4lle. Rekisterinpit\u00e4j\u00e4 voi pyyt\u00e4\u00e4 tarvittaessa pyynn\u00f6n esitt\u00e4j\u00e4\u00e4 todistamaan henkil\u00f6llisyytens\u00e4. Rekisterinpit\u00e4j\u00e4 vastaa asiakkaalle EU:n tietosuoja-asetuksessa s\u00e4\u00e4detyss\u00e4 ajassa (p\u00e4\u00e4s\u00e4\u00e4nt\u00f6isesti kuukauden kuluessa).<\/p><p>10. MUUT HENKIL\u00d6TIETOJEN K\u00c4SITTELYYN LIITTYV\u00c4T OIKEUDET<\/p><p>Rekisteriss\u00e4 olevalla henkil\u00f6ll\u00e4 on oikeus pyyt\u00e4\u00e4 h\u00e4nt\u00e4 koskevien henkil\u00f6tietojen poistamiseen rekisterist\u00e4 (&#8221;oikeus tulla unohdetuksi&#8221;). Niin ik\u00e4\u00e4n rekister\u00f6idyill\u00e4 on muut EU:n yleisen tietosuoja-asetuksen mukaiset oikeudet kuten henkil\u00f6tietojen k\u00e4sittelyn rajoittaminen tietyiss\u00e4 tilanteissa. Pyynn\u00f6t tulee l\u00e4hett\u00e4\u00e4 kirjallisesti rekisterinpit\u00e4j\u00e4lle. Rekisterinpit\u00e4j\u00e4 voi pyyt\u00e4\u00e4 tarvittaessa pyynn\u00f6n esitt\u00e4j\u00e4\u00e4 todistamaan henkil\u00f6llisyytens\u00e4. Rekisterinpit\u00e4j\u00e4 vastaa asiakkaalle EU:n tietosuoja-asetuksessa s\u00e4\u00e4detyss\u00e4 ajassa (p\u00e4\u00e4s\u00e4\u00e4nt\u00f6isesti kuukauden kuluessa).<\/p>\t\t\t\t\t\t\t\t<\/div>\n\t\t\t\t<\/div>\n\t\t\t\t\t<\/div>\n\t\t<\/div>\n\t\t\t\t\t<\/div>\n\t\t<\/section>\n\t\t\t\t<\/div>\n\t\t","protected":false},"excerpt":{"rendered":"<p>Tietosuojaseloste 1. REKISTERINPIT\u00c4J\u00c4 Sisustus Ila O.Y-tunnus: 2997557-3www.sisustusiloa.fi 2. REKISTERIST\u00c4 VASTAAVA YHTEYSHENKIL\u00d6 Ila-Maaret Ojala \/ Sisustus Ila O.ila.o@sisustusiloa.fi040 8680244 3. REKISTERIN NIMI Sisustus Ila O.:n asiakas- ja markkinointirekisteri 4. OIKEUSPERUSTE JA HENKIL\u00d6TIETOJEN K\u00c4SITTELYN TARKOITUS EU:n yleisen tietosuoja-asetuksen mukainen oikeusperuste henkil\u00f6tietojen k\u00e4sittelylle on palveluiden tarjoaminen ja hoitaminen asiakassuhteiden luominen, yll\u00e4pito ja kehitt\u00e4minen asiakas- ja k\u00e4vij\u00e4tietojen varmentaminen asiakaspalvelun, [&hellip;]<\/p>\n","protected":false},"author":1,"featured_media":0,"parent":0,"menu_order":0,"comment_status":"closed","ping_status":"closed","template":"elementor_header_footer","meta":{"footnotes":""},"class_list":["post-61","page","type-page","status-publish","hentry"],"blocksy_meta":[],"_links":{"self":[{"href":"https:\/\/www.demopalvelin.fi\/ila\/wp-json\/wp\/v2\/pages\/61","targetHints":{"allow":["GET"]}}],"collection":[{"href":"https:\/\/www.demopalvelin.fi\/ila\/wp-json\/wp\/v2\/pages"}],"about":[{"href":"https:\/\/www.demopalvelin.fi\/ila\/wp-json\/wp\/v2\/types\/page"}],"author":[{"embeddable":true,"href":"https:\/\/www.demopalvelin.fi\/ila\/wp-json\/wp\/v2\/users\/1"}],"replies":[{"embeddable":true,"href":"https:\/\/www.demopalvelin.fi\/ila\/wp-json\/wp\/v2\/comments?post=61"}],"version-history":[{"count":4,"href":"https:\/\/www.demopalvelin.fi\/ila\/wp-json\/wp\/v2\/pages\/61\/revisions"}],"predecessor-version":[{"id":66,"href":"https:\/\/www.demopalvelin.fi\/ila\/wp-json\/wp\/v2\/pages\/61\/revisions\/66"}],"wp:attachment":[{"href":"https:\/\/www.demopalvelin.fi\/ila\/wp-json\/wp\/v2\/media?parent=61"}],"curies":[{"name":"wp","href":"https:\/\/api.w.org\/{rel}","templated":true}]}}