{"id":53,"date":"2025-04-28T18:46:10","date_gmt":"2025-04-28T18:46:10","guid":{"rendered":"https:\/\/www.demopalvelin.fi\/ila\/?page_id=53"},"modified":"2025-06-01T13:20:32","modified_gmt":"2025-06-01T13:20:32","slug":"palvelut","status":"publish","type":"page","link":"http:\/\/www.demopalvelin.fi\/ila\/palvelut\/","title":{"rendered":"Palvelut"},"content":{"rendered":"\t\t<div data-elementor-type=\"wp-page\" data-elementor-id=\"53\" class=\"elementor elementor-53\" data-elementor-post-type=\"page\">\n\t\t\t\t\t\t<section class=\"elementor-section elementor-top-section elementor-element elementor-element-9188438 elementor-section-boxed elementor-section-height-default elementor-section-height-default elementor-invisible\" data-id=\"9188438\" data-element_type=\"section\" data-e-type=\"section\" data-settings=\"{&quot;animation&quot;:&quot;fadeIn&quot;}\">\n\t\t\t\t\t\t<div class=\"elementor-container elementor-column-gap-default\">\n\t\t\t\t\t<div class=\"elementor-column elementor-col-100 elementor-top-column elementor-element elementor-element-6e458e6\" data-id=\"6e458e6\" data-element_type=\"column\" data-e-type=\"column\">\n\t\t\t<div class=\"elementor-widget-wrap elementor-element-populated\">\n\t\t\t\t\t\t<div class=\"elementor-element elementor-element-14a08b1 elementor-widget elementor-widget-heading\" data-id=\"14a08b1\" data-element_type=\"widget\" data-e-type=\"widget\" data-widget_type=\"heading.default\">\n\t\t\t\t<div class=\"elementor-widget-container\">\n\t\t\t\t\t<h2 class=\"elementor-heading-title elementor-size-default\">Palvelut ja hinnasto<\/h2>\t\t\t\t<\/div>\n\t\t\t\t<\/div>\n\t\t\t\t<div class=\"elementor-element elementor-element-cabfd4c elementor-widget elementor-widget-text-editor\" data-id=\"cabfd4c\" data-element_type=\"widget\" data-e-type=\"widget\" data-widget_type=\"text-editor.default\">\n\t\t\t\t<div class=\"elementor-widget-container\">\n\t\t\t\t\t\t\t\t\t<p>SISUSTUSILOAn palveluihin kuuluvat mm.\u00a0<strong>tila- ja sisustussuunnittelu<\/strong>,\u00a0<strong>piha- ja puutarhasuunnittelu<\/strong>,\u00a0<strong>sisustusneuvonta ja -ideointi<\/strong>\u00a0asiakkaan luona,\u00a0<strong>stailauspalvelut,<\/strong>\u00a0sek\u00e4\u00a0<strong>bloggaaminen\u00a0<\/strong>nyky\u00e4\u00e4n suurimmaksi osaksi instagramin puolella. Autan Sinua pieniss\u00e4 sisustusasioissa tai suunnittelen vaikka kokonaisen omakotitalon mittakaavapiirroksineen, kalusteineen, valaisimineen ja tekstiileineen. Mit\u00e4 tahansa sisustukseen liittyv\u00e4\u00e4 onkaan mieless\u00e4si, ota rohkeasti yhteytt\u00e4!<\/p><h4>1. Sisustussuunnittelu<\/h4><p><strong>Uudisrakennukset ja remonttikohteet<\/strong>\u00a0\u2013 omakotitalot, asunnot, vapaa-ajan asunnot ja m\u00f6kit,\u00a0<strong>ulkotilat<\/strong>\u00a0(esim. huvimajat, terassit, parvekkeet, patiot ja leikkim\u00f6kit),\u00a0<strong>julkiset ja yritystilat<\/strong>\u00a0kuten kahvilat, ravintolat, kampaamot ja toimistot.<\/p><ul><li><em>Alkukartoitusk\u00e4ynti on aina ilmainen!<\/em>\u00a0Sen aikana k\u00e4yd\u00e4\u00e4n l\u00e4pi asiakkaan toiveet ja tarpeet, aikataulu ja budjetti<\/li><li>Alkukartoitusk\u00e4ynnin j\u00e4lkeen asiakas saa suunnittelijalta\u00a0<em>tarjouksen<\/em>. Tarjouksen hyv\u00e4ksymisen j\u00e4lkeen tehd\u00e4\u00e4n kirjallinen suunnittelusopimus.<\/li><\/ul><p>Sisustussuunnitelma voi kohteesta ja asiakkaan tarpeesta riippuen sis\u00e4lt\u00e4\u00e4 osan tai kaikki seuraavista:<\/p><p><strong>SISUSTUSSUUNNITTELUPALVELUT (70 \u20ac\/h, sis. alv 25,5 %)<\/strong><\/p><ul><li>Luonnokset\/ideakartat oikean tyylin ja tunnelman l\u00f6yt\u00e4miseksi<\/li><li>Tarvittavat pohja- ja julkisivupiirrokset mittakaavassa<\/li><li>Huonekortit, joista l\u00f6ytyy kuvat, tuotenumerot, mitat ja muut tiedot sek\u00e4 hankintapaikat mm. seuraaville:<br \/>&#8211; pintamateriaalit<br \/>&#8211; kiintokalusteet<br \/>&#8211; irtokalusteet<br \/>&#8211; valaisimet<br \/>&#8211; tekstiilit<br \/>&#8211; pienet sisustustavarat<\/li><li>Yhdet muutokset asiakkaan palautteen perusteella suunnitelmien esittelyiden j\u00e4lkeen<\/li><li>Menekkien laskeminen, tarjouspyynt\u00f6jen ja tilausten tekeminen asiakkaan puolesta SISUSTUSILOAn yhteisty\u00f6kumppaneille<\/li><li>Ty\u00f6maak\u00e4ynnit kohteessa rakentamisen\/remontoinnin aikana, jotta lopputuloksesta tulee suunnitelman mukainen<\/li><li>Yli 30 km p\u00e4\u00e4ss\u00e4 sijaitseviin kohteisiin lis\u00e4t\u00e4\u00e4n kilometrikorvaus<\/li><\/ul><h4>2. Piha- ja puutarhasuunnittelu<\/h4><p>Piha- ja puutarhasuunnittelua\u00a0<strong>uudis- ja muutoskohteisiin<\/strong>.<\/p><ul><li><em>Alkukartoitusk\u00e4ynti on aina ilmainen!<\/em>\u00a0Sen aikana k\u00e4yd\u00e4\u00e4n l\u00e4pi asiakkaan toiveet ja tarpeet, aikataulu ja budjetti<\/li><li>Alkukartoitusk\u00e4ynnin j\u00e4lkeen asiakas saa suunnittelijalta\u00a0<em>tarjouksen<\/em>. Tarjouksen hyv\u00e4ksymisen j\u00e4lkeen tehd\u00e4\u00e4n kirjallinen suunnittelusopimus.<\/li><\/ul><p>Pihasuunnitelma voi kohteesta ja asiakkaan tarpeesta riippuen sis\u00e4lt\u00e4\u00e4 osan tai kaikki seuraavista:<\/p><p><strong>PIHASUUNNITTELUPALVELUT (70 \u20ac\/h, sis. alv 25,5 %)<\/strong><\/p><ul><li>Luonnokset\/ideakartat oikean tyylin ja tunnelman l\u00f6yt\u00e4miseksi<\/li><li>Tarvittavat 3D- sek\u00e4 mittakaavapiirrokset pihan rakentamista varten<\/li><li>Pihakortit, joista l\u00f6ytyy kuvat, tuotenumerot, mitat ja muut tiedot sek\u00e4 hankintapaikat mm. seuraaville:<br \/>&#8211; laatoitukset, sepelit, hiekat ym. kulkuv\u00e4yl\u00e4t<br \/>&#8211; rakennukset ja rakennelmat, esim. terassit, pergolat, pihasaunat, leikkim\u00f6kit, huvimajat, aurinkovuoteet, kes\u00e4keitti\u00f6t, kasvihuoneet, aidat ja n\u00e4k\u00f6suojat&#8230;<br \/>&#8211; vesiaiheet ja istutusalueet puineen, pensaineen ja perennoineen<br \/>&#8211; ulkovalaistus<br \/>&#8211; tekstiilit (mm. aurinkosuojat, verhot, matot, koristetyynyt, verhoilukankaat, torkkupeitot\u2026)<br \/>&#8211; kiinte\u00e4t kalusteet ja irtokalusteet<\/li><li>Yhdet muutokset asiakkaan palautteen perusteella suunnitelmien esittelyiden j\u00e4lkeen<\/li><li>Menekkien laskeminen, tarjouspyynt\u00f6jen ja tilausten tekeminen asiakkaan puolesta SISUSTUSILOAn yhteisty\u00f6kumppaneille<\/li><li>Ty\u00f6maak\u00e4ynnit kohteessa pihan rakentamisen aikana, jotta lopputuloksesta tulee suunnitelman mukainen<\/li><li>Yli 30 km p\u00e4\u00e4ss\u00e4 sijaitseviin kohteisiin lis\u00e4t\u00e4\u00e4n kilometrikorvaus<\/li><\/ul><h4>3. Sisustusneuvonta ja -ideointi, stailauspalvelu<\/h4><ul><li><strong>Asiakask\u00e4ynnit<\/strong>, sopimuksen mukaan alkaen 2h<\/li><li><strong>Sisustusneuvonta<\/strong>\u00a0sis\u00e4lt\u00e4\u00e4\u00a0<strong>vinkkej\u00e4 ja ideoita<\/strong>\u00a0tilojen toiminnallisuuteen, huonej\u00e4rjestyksiin, huonekalujen sijoitteluun, valaistukseen, v\u00e4reihin ja tekstiileihin asiakkaan tarpeiden mukaisesti<\/li><li>Neuvonnan j\u00e4lkeen asiakas saa raportin eli muutosehdotukset ja ideat kirjallisena<br \/><em>\u2217 Jos sisustusneuvonta johtaa laajempaan sisustussuunnitteluprojektiin samassa kohteessa, hinta huomioidaan suunnitelman laskutuksessa! *<\/em><\/li><li><strong>Stailaus<\/strong>k\u00e4yntien aikana puolestaan stailataan asunto esim.\u00a0<strong>juhlia, kuvauksia tai myynti\u00e4 varten<\/strong>\u00a0asiakkaan omilla kalusteilla, tekstiileill\u00e4 ja valaisimilla<\/li><li>Sek\u00e4 neuvontaa ett\u00e4 stailausta varten tehd\u00e4\u00e4n etuk\u00e4teen kirjallinen sopimus<\/li><li>Hinta 250 \u20ac\/2h, lis\u00e4tunnit 70 \u20ac\/h, hinnat sis\u00e4lt\u00e4v\u00e4t alv 25,5 %.<\/li><li>Yli 30 km p\u00e4\u00e4ss\u00e4 oleviin kohteisiin lis\u00e4t\u00e4\u00e4n kilometrikorvaus.<\/li><\/ul><h4>4. Blogi<\/h4><p>\u00c4l\u00e4 unohda suunnittelijan omaa\u00a0<a href=\"https:\/\/villarauhalajatyynelantorppa.blogspot.com\/\" target=\"_blank\" rel=\"noopener\">Villa Rauhala &amp; Tyynel\u00e4n torppa<\/a>\u00a0\u2013blogia ja\u00a0<a href=\"https:\/\/www.instagram.com\/villarauhala_1870\/\">@villarauhala_1870<\/a>\u00a0-instagram-sivustoa! Siell\u00e4 p\u00e4\u00e4set muun muassa<\/p><ul><li>tutustumaan Villa Rauhalaan,<\/li><li>lukemaan omia sisustusratkaisujani ja remonttip\u00e4iv\u00e4kirjojani<\/li><\/ul><p>Blogista saat my\u00f6s<br \/>\u2022 neuvoja ja ideoita sisustukseen,<br \/>\u2022 monipuolisia DIY- ja tuunausvinkkej\u00e4,<br \/>\u2022 ihania lahjaideoita eri juhlakausien mukaan<br \/>\u2022 ja paljon, paljon muuta!<\/p>\t\t\t\t\t\t\t\t<\/div>\n\t\t\t\t<\/div>\n\t\t\t\t\t<\/div>\n\t\t<\/div>\n\t\t\t\t\t<\/div>\n\t\t<\/section>\n\t\t\t\t<\/div>\n\t\t","protected":false},"excerpt":{"rendered":"<p>Palvelut ja hinnasto SISUSTUSILOAn palveluihin kuuluvat mm.\u00a0tila- ja sisustussuunnittelu,\u00a0piha- ja puutarhasuunnittelu,\u00a0sisustusneuvonta ja -ideointi\u00a0asiakkaan luona,\u00a0stailauspalvelut,\u00a0sek\u00e4\u00a0bloggaaminen\u00a0nyky\u00e4\u00e4n suurimmaksi osaksi instagramin puolella. Autan Sinua pieniss\u00e4 sisustusasioissa tai suunnittelen vaikka kokonaisen omakotitalon mittakaavapiirroksineen, kalusteineen, valaisimineen ja tekstiileineen. Mit\u00e4 tahansa sisustukseen liittyv\u00e4\u00e4 onkaan mieless\u00e4si, ota rohkeasti yhteytt\u00e4! 1. Sisustussuunnittelu Uudisrakennukset ja remonttikohteet\u00a0\u2013 omakotitalot, asunnot, vapaa-ajan asunnot ja m\u00f6kit,\u00a0ulkotilat\u00a0(esim. huvimajat, terassit, parvekkeet, [&hellip;]<\/p>\n","protected":false},"author":1,"featured_media":0,"parent":0,"menu_order":0,"comment_status":"closed","ping_status":"closed","template":"elementor_header_footer","meta":{"footnotes":""},"class_list":["post-53","page","type-page","status-publish","hentry"],"blocksy_meta":[],"_links":{"self":[{"href":"http:\/\/www.demopalvelin.fi\/ila\/wp-json\/wp\/v2\/pages\/53","targetHints":{"allow":["GET"]}}],"collection":[{"href":"http:\/\/www.demopalvelin.fi\/ila\/wp-json\/wp\/v2\/pages"}],"about":[{"href":"http:\/\/www.demopalvelin.fi\/ila\/wp-json\/wp\/v2\/types\/page"}],"author":[{"embeddable":true,"href":"http:\/\/www.demopalvelin.fi\/ila\/wp-json\/wp\/v2\/users\/1"}],"replies":[{"embeddable":true,"href":"http:\/\/www.demopalvelin.fi\/ila\/wp-json\/wp\/v2\/comments?post=53"}],"version-history":[{"count":10,"href":"http:\/\/www.demopalvelin.fi\/ila\/wp-json\/wp\/v2\/pages\/53\/revisions"}],"predecessor-version":[{"id":1354,"href":"http:\/\/www.demopalvelin.fi\/ila\/wp-json\/wp\/v2\/pages\/53\/revisions\/1354"}],"wp:attachment":[{"href":"http:\/\/www.demopalvelin.fi\/ila\/wp-json\/wp\/v2\/media?parent=53"}],"curies":[{"name":"wp","href":"https:\/\/api.w.org\/{rel}","templated":true}]}}