{"id":10,"date":"2025-04-28T18:15:04","date_gmt":"2025-04-28T18:15:04","guid":{"rendered":"https:\/\/www.demopalvelin.fi\/ila\/?page_id=10"},"modified":"2025-06-01T13:26:39","modified_gmt":"2025-06-01T13:26:39","slug":"etusivu","status":"publish","type":"page","link":"http:\/\/www.demopalvelin.fi\/ila\/","title":{"rendered":"Etusivu"},"content":{"rendered":"\t\t<div data-elementor-type=\"wp-page\" data-elementor-id=\"10\" class=\"elementor elementor-10\" data-elementor-post-type=\"page\">\n\t\t\t\t\t\t<section class=\"elementor-section elementor-top-section elementor-element elementor-element-d2b9202 ct-section-stretched elementor-section-full_width elementor-section-height-min-height elementor-section-content-middle elementor-section-height-default elementor-section-items-middle\" data-id=\"d2b9202\" data-element_type=\"section\" data-e-type=\"section\" data-settings=\"{&quot;background_background&quot;:&quot;classic&quot;}\">\n\t\t\t\t\t\t<div class=\"elementor-container elementor-column-gap-default\">\n\t\t\t\t\t<div class=\"elementor-column elementor-col-100 elementor-top-column elementor-element elementor-element-7570a2c\" data-id=\"7570a2c\" data-element_type=\"column\" data-e-type=\"column\">\n\t\t\t<div class=\"elementor-widget-wrap elementor-element-populated\">\n\t\t\t\t\t\t<div class=\"elementor-element elementor-element-f2797b6 elementor-invisible elementor-widget elementor-widget-image\" data-id=\"f2797b6\" data-element_type=\"widget\" data-e-type=\"widget\" data-settings=\"{&quot;_animation&quot;:&quot;fadeIn&quot;}\" data-widget_type=\"image.default\">\n\t\t\t\t<div class=\"elementor-widget-container\">\n\t\t\t\t\t\t\t\t\t\t\t\t\t\t\t<img fetchpriority=\"high\" decoding=\"async\" width=\"2050\" height=\"687\" src=\"http:\/\/www.demopalvelin.fi\/ila\/wp-content\/uploads\/2025\/04\/SI-Sivujen-banneri-taustalla-PNG.png\" class=\"attachment-full size-full wp-image-70\" alt=\"\" srcset=\"http:\/\/www.demopalvelin.fi\/ila\/wp-content\/uploads\/2025\/04\/SI-Sivujen-banneri-taustalla-PNG.png 2050w, http:\/\/www.demopalvelin.fi\/ila\/wp-content\/uploads\/2025\/04\/SI-Sivujen-banneri-taustalla-PNG-300x101.png 300w, http:\/\/www.demopalvelin.fi\/ila\/wp-content\/uploads\/2025\/04\/SI-Sivujen-banneri-taustalla-PNG-1024x343.png 1024w, http:\/\/www.demopalvelin.fi\/ila\/wp-content\/uploads\/2025\/04\/SI-Sivujen-banneri-taustalla-PNG-768x257.png 768w, http:\/\/www.demopalvelin.fi\/ila\/wp-content\/uploads\/2025\/04\/SI-Sivujen-banneri-taustalla-PNG-1536x515.png 1536w, http:\/\/www.demopalvelin.fi\/ila\/wp-content\/uploads\/2025\/04\/SI-Sivujen-banneri-taustalla-PNG-2048x686.png 2048w\" sizes=\"(max-width: 2050px) 100vw, 2050px\" \/>\t\t\t\t\t\t\t\t\t\t\t\t\t\t\t<\/div>\n\t\t\t\t<\/div>\n\t\t\t\t\t<\/div>\n\t\t<\/div>\n\t\t\t\t\t<\/div>\n\t\t<\/section>\n\t\t\t\t<section class=\"elementor-section elementor-top-section elementor-element elementor-element-9188438 elementor-section-boxed elementor-section-height-default elementor-section-height-default elementor-invisible\" data-id=\"9188438\" data-element_type=\"section\" data-e-type=\"section\" data-settings=\"{&quot;animation&quot;:&quot;fadeIn&quot;}\">\n\t\t\t\t\t\t<div class=\"elementor-container elementor-column-gap-default\">\n\t\t\t\t\t<div class=\"elementor-column elementor-col-100 elementor-top-column elementor-element elementor-element-6e458e6\" data-id=\"6e458e6\" data-element_type=\"column\" data-e-type=\"column\">\n\t\t\t<div class=\"elementor-widget-wrap elementor-element-populated\">\n\t\t\t\t\t\t<div class=\"elementor-element elementor-element-14a08b1 elementor-widget elementor-widget-heading\" data-id=\"14a08b1\" data-element_type=\"widget\" data-e-type=\"widget\" data-widget_type=\"heading.default\">\n\t\t\t\t<div class=\"elementor-widget-container\">\n\t\t\t\t\t<h2 class=\"elementor-heading-title elementor-size-default\">Sisustusiloa<\/h2>\t\t\t\t<\/div>\n\t\t\t\t<\/div>\n\t\t\t\t<div class=\"elementor-element elementor-element-cabfd4c elementor-widget elementor-widget-text-editor\" data-id=\"cabfd4c\" data-element_type=\"widget\" data-e-type=\"widget\" data-widget_type=\"text-editor.default\">\n\t\t\t\t<div class=\"elementor-widget-container\">\n\t\t\t\t\t\t\t\t\t<p>SISUSTUSILOA tarjoaa monipuolista sisustusalan palvelua p\u00e4\u00e4osin Etel\u00e4-Pohjanmaan alueella. Suunnittelutoimisto on perustettu palavasta halusta luoda k\u00e4yt\u00e4nn\u00f6llisi\u00e4, kauniita,\u00a0persoonallisia ja rohkeita koteja, vapaa-ajan asuntoja ja ulkotiloja. Yhden hengen talouksista suurperheisiin, uudisrakennuksista remonttikohteisiin \u2013 kaikki asiakkaat ja suunnittelukohteet ovat t\u00e4rkeit\u00e4! Suunnittelupalveluty ovat saatavilla totta kai my\u00f6s yrityksille ja julkisiin kohteisiin.<\/p><p>SISUSTUSILOAn missio on olla helposti l\u00e4hestytt\u00e4v\u00e4, matalan kynnyksen\u00a0suunnittelutoimisto. Kannustan ihmisi\u00e4 l\u00f6yt\u00e4m\u00e4\u00e4n oman tyylins\u00e4 ja tekem\u00e4\u00e4n ymp\u00e4rist\u00f6st\u00e4\u00e4n viihtyis\u00e4n, omann\u00e4k\u00f6isen ja toimivan. Yritystiloissa ja julkisissa tiloissa sek\u00e4 ty\u00f6ntekij\u00f6iden ett\u00e4 asiakkaiden viihtyvyys ja hyv\u00e4 olo on t\u00e4rke\u00e4\u00e4. Toiminnan sujuvuus edist\u00e4\u00e4 kannattavuutta!<\/p><p>SISUSTUSILOAn kohteet ovat aina ammattitaidolla, laadukkaasti ja\u00a0<strong>ilolla suunniteltu<\/strong>!<\/p><p>Kaikista saatavilla olevista palveluista voit lukea enemm\u00e4n\u00a0<a href=\"https:\/\/www.demopalvelin.fi\/ila\/palvelut\/\">Palvelut<\/a>\u00a0\u2013osiossa.<\/p>\t\t\t\t\t\t\t\t<\/div>\n\t\t\t\t<\/div>\n\t\t\t\t\t<\/div>\n\t\t<\/div>\n\t\t\t\t\t<\/div>\n\t\t<\/section>\n\t\t\t\t<section class=\"elementor-section elementor-top-section elementor-element elementor-element-efdfaf0 elementor-section-boxed elementor-section-height-default elementor-section-height-default\" data-id=\"efdfaf0\" data-element_type=\"section\" data-e-type=\"section\">\n\t\t\t\t\t\t<div class=\"elementor-container elementor-column-gap-default\">\n\t\t\t\t\t<div class=\"elementor-column elementor-col-100 elementor-top-column elementor-element elementor-element-86b2842\" data-id=\"86b2842\" data-element_type=\"column\" data-e-type=\"column\">\n\t\t\t<div class=\"elementor-widget-wrap elementor-element-populated\">\n\t\t\t\t\t\t<div class=\"elementor-element elementor-element-179825b elementor-widget elementor-widget-heading\" data-id=\"179825b\" data-element_type=\"widget\" data-e-type=\"widget\" data-widget_type=\"heading.default\">\n\t\t\t\t<div class=\"elementor-widget-container\">\n\t\t\t\t\t<h2 class=\"elementor-heading-title elementor-size-default\">Yhteisty\u00f6ss\u00e4<\/h2>\t\t\t\t<\/div>\n\t\t\t\t<\/div>\n\t\t\t\t\t<\/div>\n\t\t<\/div>\n\t\t\t\t\t<\/div>\n\t\t<\/section>\n\t\t\t\t<section class=\"elementor-section elementor-top-section elementor-element elementor-element-4a657d8 elementor-section-boxed elementor-section-height-default elementor-section-height-default elementor-invisible\" data-id=\"4a657d8\" data-element_type=\"section\" data-e-type=\"section\" data-settings=\"{&quot;animation&quot;:&quot;fadeIn&quot;}\">\n\t\t\t\t\t\t<div class=\"elementor-container elementor-column-gap-default\">\n\t\t\t\t\t<div class=\"elementor-column elementor-col-25 elementor-top-column elementor-element elementor-element-f7292b5\" data-id=\"f7292b5\" data-element_type=\"column\" data-e-type=\"column\">\n\t\t\t<div class=\"elementor-widget-wrap elementor-element-populated\">\n\t\t\t\t\t\t<div class=\"elementor-element elementor-element-d7dd63c elementor-widget elementor-widget-image\" data-id=\"d7dd63c\" data-element_type=\"widget\" data-e-type=\"widget\" data-widget_type=\"image.default\">\n\t\t\t\t<div class=\"elementor-widget-container\">\n\t\t\t\t\t\t\t\t\t\t\t\t\t\t\t\t<a href=\"https:\/\/vm-carpet.fi\/\">\n\t\t\t\t\t\t\t<img decoding=\"async\" width=\"400\" height=\"226\" src=\"http:\/\/www.demopalvelin.fi\/ila\/wp-content\/uploads\/2025\/06\/VM-Carpet-logo.jpg\" class=\"attachment-full size-full wp-image-1289\" alt=\"\" srcset=\"http:\/\/www.demopalvelin.fi\/ila\/wp-content\/uploads\/2025\/06\/VM-Carpet-logo.jpg 400w, http:\/\/www.demopalvelin.fi\/ila\/wp-content\/uploads\/2025\/06\/VM-Carpet-logo-300x170.jpg 300w\" sizes=\"(max-width: 400px) 100vw, 400px\" \/>\t\t\t\t\t\t\t\t<\/a>\n\t\t\t\t\t\t\t\t\t\t\t\t\t\t\t<\/div>\n\t\t\t\t<\/div>\n\t\t\t\t<div class=\"elementor-element elementor-element-fec2344 elementor-widget elementor-widget-image\" data-id=\"fec2344\" data-element_type=\"widget\" data-e-type=\"widget\" data-widget_type=\"image.default\">\n\t\t\t\t<div class=\"elementor-widget-container\">\n\t\t\t\t\t\t\t\t\t\t\t\t\t\t\t\t<a href=\"https:\/\/www.varimiehet.fi\/\">\n\t\t\t\t\t\t\t<img decoding=\"async\" width=\"400\" height=\"226\" src=\"http:\/\/www.demopalvelin.fi\/ila\/wp-content\/uploads\/2025\/06\/Varimiehet-logo-Sisustusiloa.jpg\" class=\"attachment-large size-large wp-image-1300\" alt=\"\" srcset=\"http:\/\/www.demopalvelin.fi\/ila\/wp-content\/uploads\/2025\/06\/Varimiehet-logo-Sisustusiloa.jpg 400w, http:\/\/www.demopalvelin.fi\/ila\/wp-content\/uploads\/2025\/06\/Varimiehet-logo-Sisustusiloa-300x170.jpg 300w\" sizes=\"(max-width: 400px) 100vw, 400px\" \/>\t\t\t\t\t\t\t\t<\/a>\n\t\t\t\t\t\t\t\t\t\t\t\t\t\t\t<\/div>\n\t\t\t\t<\/div>\n\t\t\t\t<div class=\"elementor-element elementor-element-89716d8 elementor-widget elementor-widget-image\" data-id=\"89716d8\" data-element_type=\"widget\" data-e-type=\"widget\" data-widget_type=\"image.default\">\n\t\t\t\t<div class=\"elementor-widget-container\">\n\t\t\t\t\t\t\t\t\t\t\t\t\t\t\t\t<a href=\"https:\/\/verhoomoaliina.com\/\">\n\t\t\t\t\t\t\t<img loading=\"lazy\" decoding=\"async\" width=\"400\" height=\"226\" src=\"http:\/\/www.demopalvelin.fi\/ila\/wp-content\/uploads\/2025\/06\/Aliina-logo.jpg\" class=\"attachment-large size-large wp-image-1318\" alt=\"\" srcset=\"http:\/\/www.demopalvelin.fi\/ila\/wp-content\/uploads\/2025\/06\/Aliina-logo.jpg 400w, http:\/\/www.demopalvelin.fi\/ila\/wp-content\/uploads\/2025\/06\/Aliina-logo-300x170.jpg 300w\" sizes=\"(max-width: 400px) 100vw, 400px\" \/>\t\t\t\t\t\t\t\t<\/a>\n\t\t\t\t\t\t\t\t\t\t\t\t\t\t\t<\/div>\n\t\t\t\t<\/div>\n\t\t\t\t\t<\/div>\n\t\t<\/div>\n\t\t\t\t<div class=\"elementor-column elementor-col-25 elementor-top-column elementor-element elementor-element-5133261\" data-id=\"5133261\" data-element_type=\"column\" data-e-type=\"column\">\n\t\t\t<div class=\"elementor-widget-wrap elementor-element-populated\">\n\t\t\t\t\t\t<div class=\"elementor-element elementor-element-841604e elementor-widget elementor-widget-image\" data-id=\"841604e\" data-element_type=\"widget\" data-e-type=\"widget\" data-widget_type=\"image.default\">\n\t\t\t\t<div class=\"elementor-widget-container\">\n\t\t\t\t\t\t\t\t\t\t\t\t\t\t\t\t<a href=\"https:\/\/www.kangaskeskus.fi\/\">\n\t\t\t\t\t\t\t<img loading=\"lazy\" decoding=\"async\" width=\"400\" height=\"226\" src=\"http:\/\/www.demopalvelin.fi\/ila\/wp-content\/uploads\/2025\/06\/Kangaskeskus-logo.jpg\" class=\"attachment-large size-large wp-image-1294\" alt=\"\" srcset=\"http:\/\/www.demopalvelin.fi\/ila\/wp-content\/uploads\/2025\/06\/Kangaskeskus-logo.jpg 400w, http:\/\/www.demopalvelin.fi\/ila\/wp-content\/uploads\/2025\/06\/Kangaskeskus-logo-300x170.jpg 300w\" sizes=\"(max-width: 400px) 100vw, 400px\" \/>\t\t\t\t\t\t\t\t<\/a>\n\t\t\t\t\t\t\t\t\t\t\t\t\t\t\t<\/div>\n\t\t\t\t<\/div>\n\t\t\t\t<div class=\"elementor-element elementor-element-62f0292 elementor-widget elementor-widget-image\" data-id=\"62f0292\" data-element_type=\"widget\" data-e-type=\"widget\" data-widget_type=\"image.default\">\n\t\t\t\t<div class=\"elementor-widget-container\">\n\t\t\t\t\t\t\t\t\t\t\t\t\t\t\t\t<a href=\"https:\/\/www.k-rauta.fi\/myymalat\/seinajoki\">\n\t\t\t\t\t\t\t<img loading=\"lazy\" decoding=\"async\" width=\"400\" height=\"226\" src=\"http:\/\/www.demopalvelin.fi\/ila\/wp-content\/uploads\/2025\/06\/K-Rauta-logo.jpg\" class=\"attachment-large size-large wp-image-1295\" alt=\"\" srcset=\"http:\/\/www.demopalvelin.fi\/ila\/wp-content\/uploads\/2025\/06\/K-Rauta-logo.jpg 400w, http:\/\/www.demopalvelin.fi\/ila\/wp-content\/uploads\/2025\/06\/K-Rauta-logo-300x170.jpg 300w\" sizes=\"(max-width: 400px) 100vw, 400px\" \/>\t\t\t\t\t\t\t\t<\/a>\n\t\t\t\t\t\t\t\t\t\t\t\t\t\t\t<\/div>\n\t\t\t\t<\/div>\n\t\t\t\t<div class=\"elementor-element elementor-element-4e2a1d8 elementor-widget elementor-widget-image\" data-id=\"4e2a1d8\" data-element_type=\"widget\" data-e-type=\"widget\" data-widget_type=\"image.default\">\n\t\t\t\t<div class=\"elementor-widget-container\">\n\t\t\t\t\t\t\t\t\t\t\t\t\t\t\t\t<a href=\"https:\/\/www.verholine.fi\/\">\n\t\t\t\t\t\t\t<img loading=\"lazy\" decoding=\"async\" width=\"400\" height=\"226\" src=\"http:\/\/www.demopalvelin.fi\/ila\/wp-content\/uploads\/2025\/06\/Verholine-logo.jpg\" class=\"attachment-large size-large wp-image-1292\" alt=\"\" srcset=\"http:\/\/www.demopalvelin.fi\/ila\/wp-content\/uploads\/2025\/06\/Verholine-logo.jpg 400w, http:\/\/www.demopalvelin.fi\/ila\/wp-content\/uploads\/2025\/06\/Verholine-logo-300x170.jpg 300w\" sizes=\"(max-width: 400px) 100vw, 400px\" \/>\t\t\t\t\t\t\t\t<\/a>\n\t\t\t\t\t\t\t\t\t\t\t\t\t\t\t<\/div>\n\t\t\t\t<\/div>\n\t\t\t\t\t<\/div>\n\t\t<\/div>\n\t\t\t\t<div class=\"elementor-column elementor-col-25 elementor-top-column elementor-element elementor-element-9caebaa\" data-id=\"9caebaa\" data-element_type=\"column\" data-e-type=\"column\">\n\t\t\t<div class=\"elementor-widget-wrap elementor-element-populated\">\n\t\t\t\t\t\t<div class=\"elementor-element elementor-element-b66dd46 elementor-widget elementor-widget-image\" data-id=\"b66dd46\" data-element_type=\"widget\" data-e-type=\"widget\" data-widget_type=\"image.default\">\n\t\t\t\t<div class=\"elementor-widget-container\">\n\t\t\t\t\t\t\t\t\t\t\t\t\t\t\t\t<a href=\"https:\/\/www.eurokangas.fi\/\">\n\t\t\t\t\t\t\t<img loading=\"lazy\" decoding=\"async\" width=\"400\" height=\"226\" src=\"http:\/\/www.demopalvelin.fi\/ila\/wp-content\/uploads\/2025\/06\/Eurokangas-1.jpg\" class=\"attachment-large size-large wp-image-1317\" alt=\"\" srcset=\"http:\/\/www.demopalvelin.fi\/ila\/wp-content\/uploads\/2025\/06\/Eurokangas-1.jpg 400w, http:\/\/www.demopalvelin.fi\/ila\/wp-content\/uploads\/2025\/06\/Eurokangas-1-300x170.jpg 300w\" sizes=\"(max-width: 400px) 100vw, 400px\" \/>\t\t\t\t\t\t\t\t<\/a>\n\t\t\t\t\t\t\t\t\t\t\t\t\t\t\t<\/div>\n\t\t\t\t<\/div>\n\t\t\t\t<div class=\"elementor-element elementor-element-774d023 elementor-widget elementor-widget-image\" data-id=\"774d023\" data-element_type=\"widget\" data-e-type=\"widget\" data-widget_type=\"image.default\">\n\t\t\t\t<div class=\"elementor-widget-container\">\n\t\t\t\t\t\t\t\t\t\t\t\t\t\t\t\t<a href=\"https:\/\/www.lasitehdas.com\/\">\n\t\t\t\t\t\t\t<img loading=\"lazy\" decoding=\"async\" width=\"400\" height=\"226\" src=\"http:\/\/www.demopalvelin.fi\/ila\/wp-content\/uploads\/2025\/06\/Lasitehdas-logo.jpg\" class=\"attachment-large size-large wp-image-1296\" alt=\"\" srcset=\"http:\/\/www.demopalvelin.fi\/ila\/wp-content\/uploads\/2025\/06\/Lasitehdas-logo.jpg 400w, http:\/\/www.demopalvelin.fi\/ila\/wp-content\/uploads\/2025\/06\/Lasitehdas-logo-300x170.jpg 300w\" sizes=\"(max-width: 400px) 100vw, 400px\" \/>\t\t\t\t\t\t\t\t<\/a>\n\t\t\t\t\t\t\t\t\t\t\t\t\t\t\t<\/div>\n\t\t\t\t<\/div>\n\t\t\t\t\t<\/div>\n\t\t<\/div>\n\t\t\t\t<div class=\"elementor-column elementor-col-25 elementor-top-column elementor-element elementor-element-1a87d8f\" data-id=\"1a87d8f\" data-element_type=\"column\" data-e-type=\"column\">\n\t\t\t<div class=\"elementor-widget-wrap elementor-element-populated\">\n\t\t\t\t\t\t<div class=\"elementor-element elementor-element-7589b22 elementor-widget elementor-widget-image\" data-id=\"7589b22\" data-element_type=\"widget\" data-e-type=\"widget\" data-widget_type=\"image.default\">\n\t\t\t\t<div class=\"elementor-widget-container\">\n\t\t\t\t\t\t\t\t\t\t\t\t\t\t\t\t<a href=\"https:\/\/www.instagram.com\/tsiirilanpuutuote\/\">\n\t\t\t\t\t\t\t<img loading=\"lazy\" decoding=\"async\" width=\"400\" height=\"226\" src=\"http:\/\/www.demopalvelin.fi\/ila\/wp-content\/uploads\/2025\/06\/siirilan-puutuote-logo.jpg\" class=\"attachment-large size-large wp-image-1290\" alt=\"\" srcset=\"http:\/\/www.demopalvelin.fi\/ila\/wp-content\/uploads\/2025\/06\/siirilan-puutuote-logo.jpg 400w, http:\/\/www.demopalvelin.fi\/ila\/wp-content\/uploads\/2025\/06\/siirilan-puutuote-logo-300x170.jpg 300w\" sizes=\"(max-width: 400px) 100vw, 400px\" \/>\t\t\t\t\t\t\t\t<\/a>\n\t\t\t\t\t\t\t\t\t\t\t\t\t\t\t<\/div>\n\t\t\t\t<\/div>\n\t\t\t\t\t<\/div>\n\t\t<\/div>\n\t\t\t\t\t<\/div>\n\t\t<\/section>\n\t\t\t\t<\/div>\n\t\t","protected":false},"excerpt":{"rendered":"<p>Sisustusiloa SISUSTUSILOA tarjoaa monipuolista sisustusalan palvelua p\u00e4\u00e4osin Etel\u00e4-Pohjanmaan alueella. Suunnittelutoimisto on perustettu palavasta halusta luoda k\u00e4yt\u00e4nn\u00f6llisi\u00e4, kauniita,\u00a0persoonallisia ja rohkeita koteja, vapaa-ajan asuntoja ja ulkotiloja. Yhden hengen talouksista suurperheisiin, uudisrakennuksista remonttikohteisiin \u2013 kaikki asiakkaat ja suunnittelukohteet ovat t\u00e4rkeit\u00e4! Suunnittelupalveluty ovat saatavilla totta kai my\u00f6s yrityksille ja julkisiin kohteisiin. SISUSTUSILOAn missio on olla helposti l\u00e4hestytt\u00e4v\u00e4, matalan kynnyksen\u00a0suunnittelutoimisto. [&hellip;]<\/p>\n","protected":false},"author":1,"featured_media":0,"parent":0,"menu_order":0,"comment_status":"closed","ping_status":"closed","template":"elementor_header_footer","meta":{"footnotes":""},"class_list":["post-10","page","type-page","status-publish","hentry"],"blocksy_meta":[],"_links":{"self":[{"href":"http:\/\/www.demopalvelin.fi\/ila\/wp-json\/wp\/v2\/pages\/10","targetHints":{"allow":["GET"]}}],"collection":[{"href":"http:\/\/www.demopalvelin.fi\/ila\/wp-json\/wp\/v2\/pages"}],"about":[{"href":"http:\/\/www.demopalvelin.fi\/ila\/wp-json\/wp\/v2\/types\/page"}],"author":[{"embeddable":true,"href":"http:\/\/www.demopalvelin.fi\/ila\/wp-json\/wp\/v2\/users\/1"}],"replies":[{"embeddable":true,"href":"http:\/\/www.demopalvelin.fi\/ila\/wp-json\/wp\/v2\/comments?post=10"}],"version-history":[{"count":67,"href":"http:\/\/www.demopalvelin.fi\/ila\/wp-json\/wp\/v2\/pages\/10\/revisions"}],"predecessor-version":[{"id":1363,"href":"http:\/\/www.demopalvelin.fi\/ila\/wp-json\/wp\/v2\/pages\/10\/revisions\/1363"}],"wp:attachment":[{"href":"http:\/\/www.demopalvelin.fi\/ila\/wp-json\/wp\/v2\/media?parent=10"}],"curies":[{"name":"wp","href":"https:\/\/api.w.org\/{rel}","templated":true}]}}